{"id":132,"date":"2024-04-09T19:52:01","date_gmt":"2024-04-09T19:52:01","guid":{"rendered":"https:\/\/tecnologia.tecomm.mx\/index.php\/acerca-de-nosotros\/"},"modified":"2024-04-25T23:58:10","modified_gmt":"2024-04-25T23:58:10","slug":"acerca-de-nosotros","status":"publish","type":"page","link":"https:\/\/tecnologia.tecomm.mx\/index.php\/acerca-de-nosotros\/","title":{"rendered":"\u00bfQuienes somos?"},"content":{"rendered":"\n<p class=\"has-dark-color-color has-text-color has-link-color wp-elements-372d290e7890128a88d45097a5b52748\">Somos una empresa comprometida con ofrecer soluciones de \u00faltima tecnolog\u00eda a nuestros clientes para la automatizaci\u00f3n de sus procesos hidr\u00e1ulicos. Adem\u00e1s, proporcionamos asesor\u00eda profesional en ingenier\u00eda para garantizar el rendimiento \u00f3ptimo de los sistemas industriales de agua<\/p>\n\n\n\n<figure class=\"wp-block-image size-large\"><img fetchpriority=\"high\" decoding=\"async\" width=\"1024\" height=\"1024\" src=\"https:\/\/mlne5bxnrv2x.i.optimole.com\/w:1024\/h:1024\/q:mauto\/ig:avif\/https:\/\/tecnologia.tecomm.mx\/wp-content\/uploads\/2024\/04\/website-background-tecomm-1.png\" alt=\"\" class=\"wp-image-145\" srcset=\"https:\/\/mlne5bxnrv2x.i.optimole.com\/w:1024\/h:1024\/q:mauto\/ig:avif\/https:\/\/tecnologia.tecomm.mx\/wp-content\/uploads\/2024\/04\/website-background-tecomm-1.png 1024w, https:\/\/mlne5bxnrv2x.i.optimole.com\/w:300\/h:300\/q:mauto\/ig:avif\/https:\/\/tecnologia.tecomm.mx\/wp-content\/uploads\/2024\/04\/website-background-tecomm-1.png 300w, https:\/\/mlne5bxnrv2x.i.optimole.com\/w:150\/h:150\/q:mauto\/rt:fill\/g:ce\/ig:avif\/https:\/\/tecnologia.tecomm.mx\/wp-content\/uploads\/2024\/04\/website-background-tecomm-1.png 150w, https:\/\/mlne5bxnrv2x.i.optimole.com\/w:768\/h:768\/q:mauto\/ig:avif\/https:\/\/tecnologia.tecomm.mx\/wp-content\/uploads\/2024\/04\/website-background-tecomm-1.png 768w\" sizes=\"(max-width: 1024px) 100vw, 1024px\" \/><\/figure>\n","protected":false},"excerpt":{"rendered":"<p>Somos una empresa comprometida con ofrecer soluciones de \u00faltima tecnolog\u00eda a nuestros clientes para la automatizaci\u00f3n de sus procesos hidr\u00e1ulicos. Adem\u00e1s, proporcionamos asesor\u00eda profesional en ingenier\u00eda para garantizar el rendimiento \u00f3ptimo de los sistemas industriales de agua<\/p>\n","protected":false},"author":1,"featured_media":142,"parent":0,"menu_order":0,"comment_status":"closed","ping_status":"closed","template":"","meta":{"footnotes":""},"class_list":["post-132","page","type-page","status-publish","has-post-thumbnail","hentry"],"_links":{"self":[{"href":"https:\/\/tecnologia.tecomm.mx\/index.php\/wp-json\/wp\/v2\/pages\/132","targetHints":{"allow":["GET"]}}],"collection":[{"href":"https:\/\/tecnologia.tecomm.mx\/index.php\/wp-json\/wp\/v2\/pages"}],"about":[{"href":"https:\/\/tecnologia.tecomm.mx\/index.php\/wp-json\/wp\/v2\/types\/page"}],"author":[{"embeddable":true,"href":"https:\/\/tecnologia.tecomm.mx\/index.php\/wp-json\/wp\/v2\/users\/1"}],"replies":[{"embeddable":true,"href":"https:\/\/tecnologia.tecomm.mx\/index.php\/wp-json\/wp\/v2\/comments?post=132"}],"version-history":[{"count":2,"href":"https:\/\/tecnologia.tecomm.mx\/index.php\/wp-json\/wp\/v2\/pages\/132\/revisions"}],"predecessor-version":[{"id":203,"href":"https:\/\/tecnologia.tecomm.mx\/index.php\/wp-json\/wp\/v2\/pages\/132\/revisions\/203"}],"wp:featuredmedia":[{"embeddable":true,"href":"https:\/\/tecnologia.tecomm.mx\/index.php\/wp-json\/wp\/v2\/media\/142"}],"wp:attachment":[{"href":"https:\/\/tecnologia.tecomm.mx\/index.php\/wp-json\/wp\/v2\/media?parent=132"}],"curies":[{"name":"wp","href":"https:\/\/api.w.org\/{rel}","templated":true}]}}